{"id":5787,"date":"2021-07-26T11:50:55","date_gmt":"2021-07-26T09:50:55","guid":{"rendered":"https:\/\/bennysrental.pl\/?post_type=product&#038;p=5787"},"modified":"2021-10-28T13:16:01","modified_gmt":"2021-10-28T11:16:01","slug":"glebogryzarka-elektryczna-kultywator-2000w-45cm-pm","status":"publish","type":"product","link":"https:\/\/bennysrental.pl\/?product=glebogryzarka-elektryczna-kultywator-2000w-45cm-pm","title":{"rendered":"Glebogryzarka elektryczna 2000W 45CM"},"content":{"rendered":"<h5>Glebogryzarka elektryczna POWERMAT PM-GGE-2000M 45CM PM<\/h5>\n<p>Specyfikacja:<\/p>\n<ul>\n<li>Zasilanie:\u00a0230 V \/ ~50 Hz<\/li>\n<li>Moc maksymalna:\u00a02000 W<\/li>\n<li>Pr\u0119dko\u015b\u0107 robocza narz\u0119dzia (bez obci\u0105\u017cenia):\u00a0378 obr. \/ min.<\/li>\n<li>Szeroko\u015b\u0107 robocza:\u00a0450 mm<\/li>\n<li>Maksymalna g\u0142\u0119boko\u015b\u0107 pracy:\u00a0220 mm<\/li>\n<li>Warunki u\u017cytkowania (temperatura):\u00a00\u00b0C &#8211; +32\u00b0C<\/li>\n<li>Waga netto:\u00a010,1 kg<\/li>\n<li>Ilo\u015b\u0107 no\u017cy tn\u0105cych:\u00a024<\/li>\n<\/ul>\n<p>Glebogryzarka\u00a0POWERMAT\u00a0zosta\u0142a wyposa\u017cona w 3-stopniow\u0105 regulacj\u0119 wysoko\u015bci pracy, dzi\u0119ki czemu \u0142atwo mo\u017cna j\u0105 dopasowa\u0107 do w\u0142asnych potrzeb.<\/p>\n<p>\u0141\u0105czna szeroko\u015b\u0107 robocza wynosi 450 mm, dzi\u0119ki czemu urz\u0105dzenie znajdzie zastosowanie zar\u00f3wno w nowo urz\u0105dzanym ogrodzie, jak i przed za\u0142o\u017ceniem trawnika.<\/p>\n<ul>\n<li>KAUCJA 200z\u0142<\/li>\n<\/ul>\n","protected":false},"excerpt":{"rendered":"<p>Glebogryzarka elektryczna POWERMAT PM-GGE-2000M 45CM PM Specyfikacja: Zasilanie:\u00a0230 V \/ ~50 Hz Moc maksymalna:\u00a02000 W Pr\u0119dko\u015b\u0107 robocza narz\u0119dzia (bez obci\u0105\u017cenia):\u00a0378 obr. \/ min. Szeroko\u015b\u0107 robocza:\u00a0450 mm Maksymalna g\u0142\u0119boko\u015b\u0107 pracy:\u00a0220 mm Warunki u\u017cytkowania (temperatura):\u00a00\u00b0C &#8211; +32\u00b0C Waga netto:\u00a010,1 kg Ilo\u015b\u0107 no\u017cy tn\u0105cych:\u00a024 Glebogryzarka\u00a0POWERMAT\u00a0zosta\u0142a wyposa\u017cona w 3-stopniow\u0105 regulacj\u0119 wysoko\u015bci pracy, dzi\u0119ki czemu \u0142atwo mo\u017cna j\u0105 dopasowa\u0107 do [&hellip;]<\/p>\n","protected":false},"featured_media":5785,"template":"","meta":[],"product_cat":[209],"product_tag":[210,211,212],"_links":{"self":[{"href":"https:\/\/bennysrental.pl\/index.php?rest_route=\/wp\/v2\/product\/5787"}],"collection":[{"href":"https:\/\/bennysrental.pl\/index.php?rest_route=\/wp\/v2\/product"}],"about":[{"href":"https:\/\/bennysrental.pl\/index.php?rest_route=\/wp\/v2\/types\/product"}],"wp:featuredmedia":[{"embeddable":true,"href":"https:\/\/bennysrental.pl\/index.php?rest_route=\/wp\/v2\/media\/5785"}],"wp:attachment":[{"href":"https:\/\/bennysrental.pl\/index.php?rest_route=%2Fwp%2Fv2%2Fmedia&parent=5787"}],"wp:term":[{"taxonomy":"product_cat","embeddable":true,"href":"https:\/\/bennysrental.pl\/index.php?rest_route=%2Fwp%2Fv2%2Fproduct_cat&post=5787"},{"taxonomy":"product_tag","embeddable":true,"href":"https:\/\/bennysrental.pl\/index.php?rest_route=%2Fwp%2Fv2%2Fproduct_tag&post=5787"}],"curies":[{"name":"wp","href":"https:\/\/api.w.org\/{rel}","templated":true}]}}