{"id":5778,"date":"2021-07-26T10:48:40","date_gmt":"2021-07-26T08:48:40","guid":{"rendered":"https:\/\/bennysrental.pl\/?post_type=product&#038;p=5778"},"modified":"2021-10-28T13:27:12","modified_gmt":"2021-10-28T11:27:12","slug":"ozonator-profesjonalny-300m3-generator-ozonu","status":"publish","type":"product","link":"https:\/\/bennysrental.pl\/?product=ozonator-profesjonalny-300m3-generator-ozonu","title":{"rendered":"Ozonator profesjonalny 300m3+ Generator Ozonu"},"content":{"rendered":"<h5 class=\"product-title product_title entry-title\">Ozonator profesjonalny 300m3+ Generator Ozonu 10,000mg\/h+<\/h5>\n<p>Specyfikacja:<\/p>\n<ul>\n<li>MOCNA WYDAJNO\u015a\u0106 GENERATORA: przy maksymalnej wydajno\u015bci ozonu wynosz\u0105cej 10 000 mg na godzin\u0119 i technologii pr\u0105dowej podobnej do plastra pszczelego, ten generator ozonu zapewnia mocne uderzenie w por\u00f3wnaniu z jednostkami o mniejszej mocy. Opr\u00f3cz zwyk\u0142ego u\u017cytku domowego.<\/li>\n<li>D\u0141UGI CZAS NIEPRZERWANEJ PRACY: W przypadku silnych zanieczyszcze\u0144, ple\u015bni, grzyb\u00f3w i zapach\u00f3w, zmodernizowany zegar w generatorze ozonu pozwala na wytwarzanie o3 przez okres do 12 godzin, co pomo\u017ce wyeliminowa\u0107 nawet najci\u0119\u017csze bakterie, ple\u015bni, grzyby, czy zapachy.<\/li>\n<\/ul>\n<p>Urz\u0105dzenie wyposa\u017cone jest w specjalny tryb interwa\u0142owy, kt\u00f3ry \u015bwietnie sprawdzi si\u0119 przypadku dezynfekcji kilku pomieszcze\u0144. Bardzo du\u017cym atutem urz\u0105dzenia jest jego realna moc 10g\/h, kt\u00f3r\u0105 mo\u017cemy regulowa\u0107 w zakresie 2\/4\/6\/8\/10 g .Istnieje r\u00f3wnie\u017c mo\u017cliwo\u015b\u0107 regulacji wentylatora.\u00a0Maksymalna ozonowana powierzchnia to 100m2.<\/p>\n<ul>\n<li>1h \/ 40z\u0142<\/li>\n<li>KAUCJA 400z\u0142<\/li>\n<\/ul>\n","protected":false},"excerpt":{"rendered":"<p>Ozonator profesjonalny 300m3+ Generator Ozonu 10,000mg\/h+ Specyfikacja: MOCNA WYDAJNO\u015a\u0106 GENERATORA: przy maksymalnej wydajno\u015bci ozonu wynosz\u0105cej 10 000 mg na godzin\u0119 i technologii pr\u0105dowej podobnej do plastra pszczelego, ten generator ozonu zapewnia mocne uderzenie w por\u00f3wnaniu z jednostkami o mniejszej mocy. Opr\u00f3cz zwyk\u0142ego u\u017cytku domowego. D\u0141UGI CZAS NIEPRZERWANEJ PRACY: W przypadku silnych zanieczyszcze\u0144, ple\u015bni, grzyb\u00f3w i [&hellip;]<\/p>\n","protected":false},"featured_media":5777,"template":"","meta":[],"product_cat":[202],"product_tag":[203],"_links":{"self":[{"href":"https:\/\/bennysrental.pl\/index.php?rest_route=\/wp\/v2\/product\/5778"}],"collection":[{"href":"https:\/\/bennysrental.pl\/index.php?rest_route=\/wp\/v2\/product"}],"about":[{"href":"https:\/\/bennysrental.pl\/index.php?rest_route=\/wp\/v2\/types\/product"}],"wp:featuredmedia":[{"embeddable":true,"href":"https:\/\/bennysrental.pl\/index.php?rest_route=\/wp\/v2\/media\/5777"}],"wp:attachment":[{"href":"https:\/\/bennysrental.pl\/index.php?rest_route=%2Fwp%2Fv2%2Fmedia&parent=5778"}],"wp:term":[{"taxonomy":"product_cat","embeddable":true,"href":"https:\/\/bennysrental.pl\/index.php?rest_route=%2Fwp%2Fv2%2Fproduct_cat&post=5778"},{"taxonomy":"product_tag","embeddable":true,"href":"https:\/\/bennysrental.pl\/index.php?rest_route=%2Fwp%2Fv2%2Fproduct_tag&post=5778"}],"curies":[{"name":"wp","href":"https:\/\/api.w.org\/{rel}","templated":true}]}}