{"id":5438,"date":"2020-09-15T15:57:52","date_gmt":"2020-09-15T13:57:52","guid":{"rendered":"https:\/\/bennysrental.pl\/?post_type=product&#038;p=5438"},"modified":"2021-10-28T13:10:48","modified_gmt":"2021-10-28T11:10:48","slug":"meister-tyre-demolition-hammer-1700w-mdh-1700","status":"publish","type":"product","link":"https:\/\/bennysrental.pl\/?product=meister-tyre-demolition-hammer-1700w-mdh-1700","title":{"rendered":"M\u0142ot wyburzeniowy 1700 W"},"content":{"rendered":"<h5>M\u0142ot wyburzeniowy Meister Tyre Demolition Hammer 1700w-mdh-1700<\/h5>\n<p>Specyfikacja:<\/p>\n<ul>\n<li>Moc znamionowa: 1700W<\/li>\n<li>Liczba udrze\u0144: 1900min-1<\/li>\n<li>Moc: 50 d\u017culi<\/li>\n<li>Uchwyt narz\u0119dziowy: SDS-HEX<\/li>\n<li>Waga: 14kg<\/li>\n<li>D\u0142ugo\u015b\u0107 kabla: 300cm<\/li>\n<\/ul>\n<p>SKUTECZNA PRACA: Do kruszenia i przycinania betonu, kamienia, ceg\u0142y i podobnych materia\u0142\u00f3w Idealny do przebijania si\u0119 przez \u015bciany | Do d\u0142utowania, np. Do przecinania kabli | Do zgrubnego usuwania p\u0142ytek lub tynku \u015bciennego.<\/p>\n<p>MOCNA WYDAJNO\u015a\u0106: 1700 wat\u00f3w mocy | Prawdziwa elektrownia o pot\u0119\u017cnym uderzeniu 50 d\u017culi | Do 1900 uderze\u0144 na minut\u0119 zapewnia optymalne wyniki w mo\u017cliwie najkr\u00f3tszym czasie.<\/p>\n<ul>\n<li>olej 10z\u0142 \/ 100ml<\/li>\n<li>d\u0142uta dodatkowo p\u0142atne<\/li>\n<li>KAUCJA 500z\u0142<\/li>\n<\/ul>\n","protected":false},"excerpt":{"rendered":"<p>M\u0142ot wyburzeniowy Meister Tyre Demolition Hammer 1700w-mdh-1700 Specyfikacja: Moc znamionowa: 1700W Liczba udrze\u0144: 1900min-1 Moc: 50 d\u017culi Uchwyt narz\u0119dziowy: SDS-HEX Waga: 14kg D\u0142ugo\u015b\u0107 kabla: 300cm SKUTECZNA PRACA: Do kruszenia i przycinania betonu, kamienia, ceg\u0142y i podobnych materia\u0142\u00f3w Idealny do przebijania si\u0119 przez \u015bciany | Do d\u0142utowania, np. Do przecinania kabli | Do zgrubnego usuwania p\u0142ytek [&hellip;]<\/p>\n","protected":false},"featured_media":5656,"template":"","meta":[],"product_cat":[131],"product_tag":[149,148],"_links":{"self":[{"href":"https:\/\/bennysrental.pl\/index.php?rest_route=\/wp\/v2\/product\/5438"}],"collection":[{"href":"https:\/\/bennysrental.pl\/index.php?rest_route=\/wp\/v2\/product"}],"about":[{"href":"https:\/\/bennysrental.pl\/index.php?rest_route=\/wp\/v2\/types\/product"}],"wp:featuredmedia":[{"embeddable":true,"href":"https:\/\/bennysrental.pl\/index.php?rest_route=\/wp\/v2\/media\/5656"}],"wp:attachment":[{"href":"https:\/\/bennysrental.pl\/index.php?rest_route=%2Fwp%2Fv2%2Fmedia&parent=5438"}],"wp:term":[{"taxonomy":"product_cat","embeddable":true,"href":"https:\/\/bennysrental.pl\/index.php?rest_route=%2Fwp%2Fv2%2Fproduct_cat&post=5438"},{"taxonomy":"product_tag","embeddable":true,"href":"https:\/\/bennysrental.pl\/index.php?rest_route=%2Fwp%2Fv2%2Fproduct_tag&post=5438"}],"curies":[{"name":"wp","href":"https:\/\/api.w.org\/{rel}","templated":true}]}}