{"id":5434,"date":"2020-09-15T15:51:58","date_gmt":"2020-09-15T13:51:58","guid":{"rendered":"https:\/\/bennysrental.pl\/?post_type=product&#038;p=5434"},"modified":"2021-10-28T14:38:46","modified_gmt":"2021-10-28T12:38:46","slug":"parownica-sc-4-easyfix","status":"publish","type":"product","link":"https:\/\/bennysrental.pl\/?product=parownica-sc-4-easyfix","title":{"rendered":"Parownica SC 4 EasyFix"},"content":{"rendered":"<h5>Parownica SC 4 EasyFix<\/h5>\n<p>Specyfikacja:<\/p>\n<ul>\n<li>Certyfikat* Zabija do 99,999% koronawirus\u00f3w* i 99,9% bakterii<\/li>\n<li>Wydajno\u015b\u0107 powierzchniowa na jedno nape\u0142nienie zbiornika: 100m\u00b2<\/li>\n<li>Moc grza\u0142ki: 2000 W<\/li>\n<li>Maksymalne ci\u015bnienie pary: maks. 3,5 bar<\/li>\n<li>D\u0142ugo\u015b\u0107 przewodu zasilaj\u0105cego: 4m<\/li>\n<li>Czas nagrzewania: 4 min<\/li>\n<li>Pojemno\u015b\u0107 kot\u0142a \/ zbiornika wyr\u00f3wnawczego: 0,5 \/ 0,8 l<\/li>\n<\/ul>\n<p><span class=\"fix-spelling\">EasyFix<\/span> to nowy system mocowania pada z mikrofibry na dyszy pod\u0142ogowej (na rzep). Umo\u017cliwia jego zdejmowanie i zak\u0142adanie bez potrzeby schylania si\u0119. Zmiana pada odbywa si\u0119 bez kontaktu r\u0105k z brudem. Parownica dzi\u0119ki wyposa\u017ceniu w dwa zbiorniki, kt\u00f3re umo\u017cliwiaj\u0105 uzupe\u0142nianie wody podczas pracy, pozwala na czyszczenie bez przerw na studzenie bojlera. Zestaw do czyszczenia pod\u0142\u00f3g EasyFix z nowym systemem mocowania pada za pomoc\u0105 rzepa. Optymalne rezultaty czyszczenia na wszystkich rodzajach pod\u0142\u00f3g twardych dzi\u0119ki wydajnej technologii lameli. Zmiana pada z mikrofibry bez kontaktu z brudem. \u0141atwe mocowanie pada na dyszy dzi\u0119ki rzepowi. Ci\u0105g\u0142y kontakt z czyszczon\u0105 powierzchni\u0105 i \u0142atwe operowanie dzi\u0119ki ruchomemu przegubowi.<\/p>\n<ul>\n<li>KAUCJA 300z\u0142<\/li>\n<\/ul>\n","protected":false},"excerpt":{"rendered":"<p>Parownica SC 4 EasyFix Specyfikacja: Certyfikat* Zabija do 99,999% koronawirus\u00f3w* i 99,9% bakterii Wydajno\u015b\u0107 powierzchniowa na jedno nape\u0142nienie zbiornika: 100m\u00b2 Moc grza\u0142ki: 2000 W Maksymalne ci\u015bnienie pary: maks. 3,5 bar D\u0142ugo\u015b\u0107 przewodu zasilaj\u0105cego: 4m Czas nagrzewania: 4 min Pojemno\u015b\u0107 kot\u0142a \/ zbiornika wyr\u00f3wnawczego: 0,5 \/ 0,8 l EasyFix to nowy system mocowania pada z mikrofibry [&hellip;]<\/p>\n","protected":false},"featured_media":5653,"template":"","meta":[],"product_cat":[138],"product_tag":[143],"_links":{"self":[{"href":"https:\/\/bennysrental.pl\/index.php?rest_route=\/wp\/v2\/product\/5434"}],"collection":[{"href":"https:\/\/bennysrental.pl\/index.php?rest_route=\/wp\/v2\/product"}],"about":[{"href":"https:\/\/bennysrental.pl\/index.php?rest_route=\/wp\/v2\/types\/product"}],"wp:featuredmedia":[{"embeddable":true,"href":"https:\/\/bennysrental.pl\/index.php?rest_route=\/wp\/v2\/media\/5653"}],"wp:attachment":[{"href":"https:\/\/bennysrental.pl\/index.php?rest_route=%2Fwp%2Fv2%2Fmedia&parent=5434"}],"wp:term":[{"taxonomy":"product_cat","embeddable":true,"href":"https:\/\/bennysrental.pl\/index.php?rest_route=%2Fwp%2Fv2%2Fproduct_cat&post=5434"},{"taxonomy":"product_tag","embeddable":true,"href":"https:\/\/bennysrental.pl\/index.php?rest_route=%2Fwp%2Fv2%2Fproduct_tag&post=5434"}],"curies":[{"name":"wp","href":"https:\/\/api.w.org\/{rel}","templated":true}]}}