{"id":5446,"date":"2020-09-15T17:05:56","date_gmt":"2020-09-15T15:05:56","guid":{"rendered":"https:\/\/bennysrental.pl\/?page_id=5446"},"modified":"2021-07-16T14:26:30","modified_gmt":"2021-07-16T12:26:30","slug":"kontakt","status":"publish","type":"page","link":"https:\/\/bennysrental.pl\/?page_id=5446","title":{"rendered":"Kontakt"},"content":{"rendered":"\n<div class=\"wp-block-group\"><div class=\"wp-block-group__inner-container\"><\/div><\/div>\n\n\n\n<div class=\"wp-block-group alignwide\"><div class=\"wp-block-group__inner-container\">\n<div class=\"wp-block-columns alignwide\">\n<div class=\"wp-block-column\">\n<p><\/p>\n\n\n\n<p><\/p>\n\n\n\n<p><\/p>\n\n\n\n<h3 class=\"has-text-align-center\"><strong><span style=\"color:#000406\" class=\"has-inline-color\">Benny&#8217;s Rental<\/span><\/strong><\/h3>\n\n\n\n<h4 class=\"has-text-align-center\"><strong><span style=\"color:#000304\" class=\"has-inline-color\">ul. P\u0142aszowska 21<\/span><\/strong>, os. <span style=\"color:#000405\" class=\"has-inline-color\">Z\u0142otego wieku 96<\/span><\/h4>\n\n\n\n<h4 class=\"has-text-align-center\"><strong><span style=\"color:#00070a\" class=\"has-inline-color\"> Krak\u00f3w<\/span><\/strong><img loading=\"lazy\" width=\"50\" height=\"50\" class=\"wp-image-5456\" style=\"width: 50px;\" src=\"https:\/\/bennysrental.pl\/wp-content\/uploads\/2020\/09\/mail-e1600252470985.png\" alt=\"\"><\/h4>\n\n\n\n<p class=\"has-text-align-center\"><strong><span style=\"color:#d9a209\" class=\"has-inline-color\">kontakt@bennysrental.pl<\/span><\/strong><\/p>\n<\/div>\n\n\n\n<div class=\"wp-block-column\">\n<p><\/p>\n\n\n\n<p class=\"has-text-align-center\"><span style=\"color:#000507\" class=\"has-inline-color\">Godziny otwarcia:<\/span><\/p>\n\n\n\n<p class=\"has-text-align-center\"><span style=\"color:#000405\" class=\"has-inline-color\">Poniedzia\u0142ek &#8211; pi\u0105tek: 10:00 &#8211; 18:00<\/span><\/p>\n\n\n\n<p class=\"has-text-align-center\"><\/p>\n\n\n\n<p class=\"has-text-align-center\"><span style=\"color:#000203\" class=\"has-inline-color\">Sobota &#8211; niedziela: zamkni\u0119te<\/span><\/p>\n\n\n\n<p><\/p>\n\n\n\n<h4 class=\"has-text-align-center\"><span style=\"color:#000304\" class=\"has-inline-color\">Masz pytania ?<\/span><\/h4>\n\n\n\n<h4 class=\"has-text-align-center\"><span style=\"color:#000609\" class=\"has-inline-color\">Zadzwo\u0144 do nas !<\/span><\/h4>\n\n\n\n<h4 class=\"has-text-align-center\"><span style=\"color:#d9a209\" class=\"has-inline-color\"><strong><strong>731 592 949<\/strong><\/strong><\/span><\/h4>\n\n\n\n<div class=\"wp-block-group alignwide\"><div class=\"wp-block-group__inner-container\">\n<div class=\"wp-block-group\"><div class=\"wp-block-group__inner-container\">\n<div class=\"wp-block-columns\">\n<div class=\"wp-block-column\" style=\"flex-basis:100%\"><p class='wp-call-button-block-button wp-call-button-block-button-center'><a class='wp-call-button-in-btn' href='tel:+48881668155' style='' ><svg x=\"0px\" y=\"0px\" width=\"459px\" height=\"459px\" viewBox=\"0 0 459 459\">\r\n\t\t\t\t<path\r\n\t\t\t\t\td=\"M91.8,198.9c35.7,71.4,96.9,130.05,168.3,168.3L316.2,311.1c7.649-7.649,17.85-10.199,25.5-5.1c28.05,10.2,58.649,15.3,91.8,15.3c15.3,0,25.5,10.2,25.5,25.5v86.7c0,15.3-10.2,25.5-25.5,25.5C193.8,459,0,265.2,0,25.5C0,10.2,10.2,0,25.5,0h89.25c15.3,0,25.5,10.2,25.5,25.5c0,30.6,5.1,61.2,15.3,91.8c2.55,7.65,0,17.85-5.1,25.5L91.8,198.9z\"\r\n\t\t\t\t\/>\r\n\t\t\t<\/svg> Zadzwo\u0144<\/a><\/p><\/div>\n<\/div>\n<\/div><\/div>\n<\/div><\/div>\n\n\n\n<p><\/p>\n<\/div>\n\n\n\n<div class=\"wp-block-column\">\n<div id=\"wpgmza_map\" class=\"wpgmza_map\" data-settings='{\"id\":\"1\",\"map_title\":\"Mapa\",\"map_width\":\"70\",\"map_height\":\"300\",\"map_start_lat\":\"50.044757\",\"map_start_lng\":\"19.975934\",\"map_start_location\":\"50.044757,19.975934\",\"map_start_zoom\":\"14\",\"default_marker\":\"0\",\"type\":\"1\",\"alignment\":\"2\",\"directions_enabled\":\"1\",\"styling_enabled\":\"0\",\"styling_json\":\"\",\"active\":\"0\",\"kml\":\"\",\"bicycle\":\"0\",\"traffic\":\"0\",\"dbox\":\"1\",\"dbox_width\":\"100\",\"listmarkers\":\"0\",\"listmarkers_advanced\":\"0\",\"filterbycat\":\"0\",\"ugm_enabled\":\"0\",\"ugm_category_enabled\":\"0\",\"fusion\":\"\",\"map_width_type\":\"\\\\%\",\"map_height_type\":\"px\",\"mass_marker_support\":\"1\",\"ugm_access\":\"0\",\"order_markers_by\":\"1\",\"order_markers_choice\":\"2\",\"show_user_location\":\"0\",\"default_to\":\"\",\"other_settings\":{\"store_locator_enabled\":2,\"store_locator_distance\":2,\"store_locator_default_radius\":10,\"store_locator_not_found_message\":\"No results found in this location. Please try again.\",\"store_locator_bounce\":1,\"store_locator_query_string\":\"ZIP \\\/ Address:\",\"store_locator_default_address\":\"\",\"wpgmza_store_locator_restrict\":\"\",\"wpgmza_store_locator_radius_style\":\"modern\",\"map_max_zoom\":\"1\",\"transport_layer\":0,\"wpgmza_theme_data\":\"\",\"wpgmza_show_points_of_interest\":1,\"wpgmza_auto_night\":0}}' data-map-id='1' Data-maps-engine='google-maps' data-shortcode-attributes='{\"id\":\"1\"}' style=\"display:block; overflow:auto; width:70%; height:300px; float:left;\"><\/div>\n\n\n\n<div class=\"wp-block-buttons\">\n<div class=\"wp-block-button\"><a class=\"wp-block-button__link\"><\/a><\/div>\n<\/div>\n<\/div>\n<\/div>\n\n\n\n<p><\/p>\n<\/div><\/div>\n\n\n\n<p><\/p>\n","protected":false},"excerpt":{"rendered":"Benny's Rental ul. P\u0142aszowska 21, os. Z\u0142otego wieku 96 Krak\u00f3w kontakt@bennysrental.pl Godziny otwarcia: Poniedzia\u0142ek - pi\u0105tek: 10:00 - 18:00 Sobota - niedziela: zamkni\u0119te Masz pytania ? Zadzwo\u0144 do nas ! 731 592 949","protected":false},"author":1,"featured_media":0,"parent":0,"menu_order":0,"comment_status":"closed","ping_status":"closed","template":"","meta":[],"_links":{"self":[{"href":"https:\/\/bennysrental.pl\/index.php?rest_route=\/wp\/v2\/pages\/5446"}],"collection":[{"href":"https:\/\/bennysrental.pl\/index.php?rest_route=\/wp\/v2\/pages"}],"about":[{"href":"https:\/\/bennysrental.pl\/index.php?rest_route=\/wp\/v2\/types\/page"}],"author":[{"embeddable":true,"href":"https:\/\/bennysrental.pl\/index.php?rest_route=\/wp\/v2\/users\/1"}],"replies":[{"embeddable":true,"href":"https:\/\/bennysrental.pl\/index.php?rest_route=%2Fwp%2Fv2%2Fcomments&post=5446"}],"version-history":[{"count":11,"href":"https:\/\/bennysrental.pl\/index.php?rest_route=\/wp\/v2\/pages\/5446\/revisions"}],"predecessor-version":[{"id":5769,"href":"https:\/\/bennysrental.pl\/index.php?rest_route=\/wp\/v2\/pages\/5446\/revisions\/5769"}],"wp:attachment":[{"href":"https:\/\/bennysrental.pl\/index.php?rest_route=%2Fwp%2Fv2%2Fmedia&parent=5446"}],"curies":[{"name":"wp","href":"https:\/\/api.w.org\/{rel}","templated":true}]}}