{"id":3284,"date":"2019-06-20T11:55:24","date_gmt":"2019-06-20T11:55:24","guid":{"rendered":"http:\/\/themes.webdevia.com\/backhoe-heavy-construction-equipment-rentals-machinery-wordpress-theme\/?page_id=3284"},"modified":"2020-09-22T09:34:36","modified_gmt":"2020-09-22T07:34:36","slug":"faq","status":"publish","type":"page","link":"https:\/\/bennysrental.pl\/?page_id=3284","title":{"rendered":"Regulamin"},"content":{"rendered":"<p>[vc_row][vc_column]\r\n\r\n<div class=\"wd_empty_space\" data-heightmobile=\"0\" data-heighttablet=\"50\" data-heightdesktop=\"60\">\r\n\r\n<\/div>\r\n      \r\n\r\n\r\n\r\n        \r\n      \r\n    [\/vc_column][\/vc_row][vc_row][vc_column][vc_toggle title=&#8221;Zgoda na przetwarzanie danych osobowych&#8221;]<\/p>\n<div class=\"row ApRow \">\n<div class=\"col-sm-6 col-xs-6 col-sp-6 col-md-6 col-lg-6 col-xl-9 ApColumn \">\n<div class=\"block ApHtml\">\n<div class=\"block_content\">\n<p style=\"text-align: left; padding-left: 40px;\"><span style=\"color: #000000;\"><i>Wyra\u017cam zgod\u0119 na przetwarzanie moich danych osobowych zawartych w\u00a0 \u00a0 niniejszym formularzu w celu przetworzenia zg\u0142oszenia, uzyskania odpowiedzi\u00a0 oraz realizacji dzia\u0142a\u0144 wynikaj\u0105cych z przes\u0142anego przeze mnie zapytania.<\/i><i><br \/>\n<\/i><i><br \/>\n<\/i><i>Informujemy, \u017ce administratorem Pa\u0144stwa danych osobowych jest Wypo\u017cyczalnia Sprz\u0119tu Budowlanego Benny&#8217;s Rental P\u0142aszowska 21, 30-713 Krak\u00f3w. Pa\u0144stwa dane osobowe b\u0119d\u0105 przetwarzane w celu przetworzenia zg\u0142oszenia, udzielenia odpowiedzi oraz realizacji dzia\u0142a\u0144 wynikaj\u0105cych z przes\u0142anego zapytania. Dane te mog\u0105 by\u0107 udost\u0119pniane podmiotom upowa\u017cnionym na podstawie przepis\u00f3w prawa oraz na podstawie stosownych um\u00f3w dostawcom us\u0142ug IT. Podstaw\u0105 przetwarzania danych jest udzielona przez Pa\u0144stwa zgoda. Dane osobowe b\u0119d\u0105 przechowywane przez okres 6 miesi\u0119cy oraz w okre\u015blonych przypadkach do czasu realizacji dzia\u0142a\u0144 wynikaj\u0105cych z przes\u0142anego zapytania.<\/i><\/span><\/p>\n<p style=\"text-align: left; padding-left: 40px;\"><span style=\"color: #000000;\"><i>Posiadaj\u0105 Pa\u0144stwo prawo do:<br \/>\n<\/i><i><br \/>\n<\/i><i>&#8211; \u017c\u0105dania dost\u0119pu do swoich danych osobowych, ich sprostowania, usuni\u0119cia oraz ograniczenia przetwarzania, a tak\u017ce prawo do przenoszenia swoich danych osobowych<\/i><i><br \/>\n<\/i><i>&#8211; wycofania udzielonej zgody w dowolnym momencie (wycofanie zgody, nie wp\u0142ywa na zgodno\u015b\u0107 z prawem przetwarzania, kt\u00f3rego dokonano na podstawie zgody przed jej wycofaniem)<\/i><i><br \/>\n<\/i><i>&#8211; wniesienia skargi do organu nadzorczego (GIODO\/PUODO)<\/i><i><br \/>\n<\/i><i><br \/>\n<\/i><i>Podanie danych osobowych jest dobrowolne, jednak\u017ce niezb\u0119dne do przes\u0142ania formularza.<\/i><\/span><\/p>\n<p style=\"text-align: left; padding-left: 40px;\"><span style=\"color: #000000;\"><i><br \/>\n<\/i><i><br \/>\n<\/i><i>Dane kontaktowe administratora danych:<\/i><i><br \/>\n<\/i><i>Benny&#8217;s Rental P\u0142aszowska 21, 30-713 Krak\u00f3w. kontakt@bennysrental.pl<\/i><\/span><\/p>\n<\/div>\n<\/div>\n<\/div>\n<\/div>\n<p>[\/vc_toggle][vc_toggle title=&#8221;Internetowe rozstrzyganie spor\u00f3w&#8221;]<span style=\"color: #000000;\"><strong>Informacje dotycz\u0105ce internetowego systemu rozstrzygania spor\u00f3w na podstawie art. 14 ust. 1 ODR (Internetowe rozstrzyganie spor\u00f3w):<\/strong><\/span><\/p>\n<p><span style=\"color: #000000;\">Komisja Europejska zapewnia konsumentom mo\u017cliwo\u015b\u0107 rozstrzygania spor\u00f3w w handlu internetowym zgodnie z art. 14 ust. 1 ODR (Internetowe rozstrzyganie spor\u00f3w), na jednej z platform. Platforma <span style=\"color: #ff6600;\">(<a style=\"color: #ff6600;\" href=\"http:\/\/ec.europa.eu\/consumers\/odr\" target=\"_blank\" rel=\"nofollow noopener noreferrer\">http:\/\/ec.europa.eu\/consumers\/odr<\/a>)<\/span> s\u0142u\u017cy jako miejsce, gdzie konsumenci mog\u0105 pr\u00f3bowa\u0107 osi\u0105gn\u0105\u0107 pozas\u0105dowe porozumienia w sporach wynikaj\u0105cych z zakup\u00f3w oraz um\u00f3w na us\u0142ugi w Internecie.<\/span>[\/vc_toggle][vc_toggle title=&#8221;Regulamin wypo\u017cyczalni sprz\u0119tu budowlanego&#8221;]<\/p>\n<h5 style=\"text-align: center;\"><span style=\"color: #000000;\"><strong><span class=\"c7\">\u00a71<\/span><\/strong><\/span><\/h5>\n<h5 style=\"text-align: center;\"><span style=\"color: #000000;\"><strong style=\"font-family: 'Open Sans', sans-serif;\">Warunki wynajmu sprz\u0119tu<\/strong><\/span><\/h5>\n<ol>\n<li><span style=\"color: #000000;\">Podstaw\u0105 wynaj\u0119cia sprz\u0119tu jest spisanie umowy wynajmu pomi\u0119dzy Wypo\u017cyczalni\u0105 zwan\u0105 w dalszej cz\u0119\u015bci WYNAJMUJ\u0104CYM, a osob\u0105 lub firm\u0105 po\u017cyczaj\u0105c\u0105 zwan\u0105 w dalszej cz\u0119\u015bci NAJEMC\u0104.<\/span><\/li>\n<li><span style=\"color: #000000;\">Umowa spisywana jest przez WYNAJMUJ\u0104CEGO na podstawie trzech wa\u017cnych dokument\u00f3w, w tym dw\u00f3ch ze zdj\u0119ciem, na czas okre\u015blony podany przez NAJEMC\u0118.<\/span><\/li>\n<li><span style=\"color: #000000;\">Podczas wypo\u017cyczania zostaje pobrana kaucja zwrotna, kt\u00f3ra jest ewentualnym zabezpieczeniem dla WYNAJMUJ\u0104CEGO w przypadku wynik\u0142ych strat, uszkodze\u0144, kradzie\u017cy lub dewastacji podczas eksploatacji sprz\u0119tu. O wysoko\u015b\u0107 kwoty pobieranego depozytu decyduje warto\u015b\u0107 wypo\u017cyczanego sprz\u0119tu oraz czas na jaki jest on wynajmowany. Stali i zaufani klienci mog\u0105 liczy\u0107 na obni\u017con\u0105 stawk\u0119 kaucji.<\/span><\/li>\n<li><span style=\"color: #000000;\">Wysoko\u015b\u0107 stawki dziennej jest regulowana w zale\u017cno\u015bci od d\u0142ugo\u015bci najmu, zgodnie z aktualnym cennikiem.<\/span><\/li>\n<li><span style=\"color: #000000;\">Czynsz wed\u0142ug stawki dobowej oznacza zwrot przed 24 godzinami. Zdanie maszyny po up\u0142ywie 24 godzin powoduje naliczenie kolejnej stawki.<\/span><\/li>\n<li><span style=\"color: #000000;\">Czynsz jest ustalony za czas wynajmu i nie uwzgl\u0119dnia faktycznego czasu pracy urz\u0105dzenia, jest obliczany od momentu wypo\u017cyczenia do momentu zwrotu sprz\u0119tu.<\/span><\/li>\n<li><span style=\"color: #000000;\">Wypo\u017cyczone urz\u0105dzenia s\u0105 w pe\u0142ni sprawne technicznie, nie podlegaj\u0105 amortyzacji ani wykupowi.<\/span><\/li>\n<li><span style=\"color: #000000;\">Przy wynajmie na jeden dzie\u0144 roboczy przetrzymanie maszyny przez niedziele i dni \u015bwi\u0105teczne nie powoduje obni\u017cenia stawki najmu.<\/span><\/li>\n<li><span style=\"color: #000000;\">Wypo\u017cyczalnia nie ponosi odpowiedzialno\u015bci za skutki uboczne i\/lub nast\u0119pstw awarii urz\u0105dzenia jak: uszkodzenia cia\u0142a, straty materialne, utrata przewidywanych zysk\u00f3w (dochod\u00f3w, p\u0142ace zatrudnionych pracownik\u00f3w, niezrealizowanych cho\u0107 przyj\u0119tych zlece\u0144 itp.).<\/span><\/li>\n<li><span style=\"color: #000000;\">Faktury VAT b\u0119d\u0105 wystawiane na koniec ka\u017cdego miesi\u0105ca oraz na koniec okresu wypo\u017cyczenia.<\/span><\/li>\n<\/ol>\n<h5 style=\"text-align: center;\"><span style=\"color: #000000;\"><strong><span class=\"c7\">\u00a72<\/span><\/strong><\/span><\/h5>\n<h5 style=\"font-weight: 400; text-align: center;\"><span style=\"color: #000000;\"><strong>Zobowi\u0105zania WYNAJMUJ\u0104CEGO<\/strong><\/span><\/h5>\n<ol>\n<li><span style=\"color: #000000;\">WYNAJMUJ\u0104CY o\u015bwiadcza, \u017ce sprz\u0119t, b\u0119d\u0105cy przedmiotem umowy jest w dobrym stanie technicznym, przydatnym do um\u00f3wionego u\u017cytku, bez \u017cadnych ukrytych wad.<\/span><\/li>\n<li><span style=\"color: #000000;\">Przed ka\u017cdym wypo\u017cyczeniem sprz\u0119tu WYNAJMUJ\u0104CY ma obowi\u0105zek zapozna\u0107 NAJEMC\u0118 z dok\u0142adn\u0105 instrukcj\u0105 obs\u0142ugi i przeszkoli\u0107 go w zakresie bezpiecznego u\u017cytkowania najmowanego sprz\u0119tu.<\/span><\/li>\n<li><span style=\"color: #000000;\">Wynajmuj\u0105cy nie ponosi \u017cadnej odpowiedzialno\u015bci za wypadki i ewentualne szkody powsta\u0142e w czasie u\u017cytkowania narz\u0119dzi.<\/span><\/li>\n<li><span style=\"color: #000000;\">WYNAJMUJ\u0104CY zobowi\u0105zuje si\u0119 do ochrony danych osobowych NAJEMCY i nie przekazywania ich osobom trzecim bez wyra\u017anej zgody NAJEMCY.<\/span><\/li>\n<\/ol>\n<h5 style=\"text-align: center;\"><span style=\"color: #000000;\"><strong><span class=\"c7\">\u00a73<\/span><\/strong><\/span><\/h5>\n<h5 style=\"font-weight: 400; text-align: center;\"><span style=\"color: #000000;\"><strong>Zobowi\u0105zania NAJEMCY<\/strong><\/span><\/h5>\n<ol>\n<li><span style=\"color: #000000;\">NAJEMCA przyjmuje do u\u017cytku sprz\u0119t b\u0119d\u0105cy w\u0142asno\u015bci\u0105 WYNAJMUJ\u0104CEGO, z obowi\u0105zkiem zwrotu w stanie nie pogorszonym ponad normalne zu\u017cycie.<\/span><\/li>\n<li><span style=\"color: #000000;\">NAJEMCA o\u015bwiadcza, \u017ce zosta\u0142 zapoznany z instrukcj\u0105 obs\u0142ugi i zosta\u0142 przeszkolony w zakresie bezpiecznego u\u017cytkowania najmowanego sprz\u0119tu.<\/span><\/li>\n<li><span style=\"color: #000000;\">NAJEMCA zobowi\u0105zuje si\u0119 p\u0142aci\u0107 WYNAJMUJ\u0104CEMU czynsz w wysoko\u015bci wynikaj\u0105cej z przemno\u017cenia ilo\u015bci dni najmu i stawki za jedn\u0105 dob\u0119 wed\u0142ug obowi\u0105zuj\u0105cego cennika. W przypadku zw\u0142oki w p\u0142atno\u015bci, WYNAJMUJ\u0104CY uprawniony jest do \u017c\u0105dania ustawowych odsetek.<\/span><\/li>\n<li><span style=\"color: #000000;\">NAJEMCA zobowi\u0105zuje si\u0119, i\u017c wynaj\u0119ty sprz\u0119t b\u0119dzie u\u017cytkowa\u0142 zgodnie z jego przeznaczeniem, nie b\u0119dzie dokonywa\u0142 napraw bez wiedzy i zgody WYNAJMUJ\u0104CEGO, nie odda przedmiotu najmu osobie trzeciej do u\u017cywania lub w podnajem, zabezpieczy sprz\u0119t przed uszkodzeniem, kradzie\u017c\u0105 i zniszczeniem.<\/span><\/li>\n<li><span style=\"color: #000000;\">Od chwili odbioru sprz\u0119tu od WYNAJMUJ\u0104CEGO do momentu jego zwrotu NAJEMCA ponosi odpowiedzialno\u015b\u0107 za jego zagini\u0119cie lub uszkodzenie; kradzie\u017c lub dewastacje NAJEMCA ma obowi\u0105zek bezzw\u0142ocznie zg\u0142osi\u0107 organom \u015bcigania.<\/span><\/li>\n<li><span style=\"color: #000000;\">W razie zagini\u0119cia, utraty lub zniszczenia sprz\u0119tu NAJEMCA zobowi\u0105zany jest zap\u0142aci\u0107 WYNAJMUJ\u0104CEMU r\u00f3wnowarto\u015b\u0107 jego ceny rynkowej.<\/span><\/li>\n<li><span style=\"color: #000000;\">Skutki uszkodze\u0144, awarii i strat powsta\u0142e przez nie przestrzeganie w\/w instrukcji oraz zasad bhp b\u0119d\u0105 obci\u0105\u017ca\u0142y najemc\u0119.<\/span><\/li>\n<li><span style=\"color: #000000;\">Odpowiedzialno\u015b\u0107 za szkody wobec os\u00f3b trzecich powsta\u0142e w skutek prac prowadzonych przy u\u017cyciu przedmiotu najmu przez NAJEMC\u0118 ponosi NAJEMCA.<\/span><\/li>\n<li><span style=\"color: #000000;\">NAJEMCA zrzeka si\u0119 wszelkich roszcze\u0144 wobec WYNAJMUJ\u0104CEGO z tytu\u0142u wypadk\u00f3w, poniesionych szk\u00f3d lub obra\u017ce\u0144 powsta\u0142ych w trakcie korzystania z wypo\u017cyczonego sprz\u0119tu.<\/span><\/li>\n<\/ol>\n<h5 style=\"text-align: center;\"><span style=\"color: #000000;\"><strong><span class=\"c7\">\u00a74<\/span><\/strong><\/span><\/h5>\n<h5 style=\"font-weight: 400; text-align: center;\"><span style=\"color: #000000;\"><strong>Zwrot sprz\u0119tu<\/strong><\/span><\/h5>\n<ol>\n<li><span style=\"color: #000000;\">NAJEMCA zobowi\u0105zuje si\u0119 zwr\u00f3ci\u0107 przedmiot najmu w przewidywanym dniu zwrotu, podanym na umowie wynajmu, nie p\u00f3\u017aniej ni\u017c do godziny, w kt\u00f3rej zosta\u0142 on po\u017cyczony. W przypadku zwrotu przedmiotu najmu po terminie wyga\u015bni\u0119cia umowy najmu, zostanie naliczony czynsz za ka\u017cdy dzie\u0144 zw\u0142oki wed\u0142ug obowi\u0105zuj\u0105cego cennika.<\/span><\/li>\n<li><span style=\"color: #000000;\">Zwr\u00f3cony sprz\u0119t powinien by\u0107 kompletny, w pe\u0142ni sprawny, wolny od wszelkich wad i oczyszczony.<\/span><\/li>\n<li><span style=\"color: #000000;\">W przypadku zwrotu brudnego przedmiotu najmu, NAJEMCA poniesie koszty mycia wed\u0142ug obowi\u0105zuj\u0105cego cennika.<\/span><\/li>\n<\/ol>\n<h5 style=\"text-align: center;\"><span style=\"color: #000000;\"><strong><span class=\"c7\">\u00a75<\/span><\/strong><\/span><\/h5>\n<h5 style=\"font-weight: 400; text-align: center;\"><span style=\"color: #000000;\"><strong>Zerwanie umowy wynajmu<\/strong><\/span><\/h5>\n<ol>\n<li><span style=\"color: #000000;\">Zerwanie umowy nast\u0119puje w przypadku:<\/span><\/li>\n<\/ol>\n<ol style=\"font-weight: 400;\">\n<li style=\"list-style-type: none;\">\n<ol style=\"font-weight: 400;\">\n<li style=\"list-style-type: none;\">\n<ul>\n<li><span style=\"color: #000000;\">samowolnego przed\u0142u\u017cenia czasu u\u017cytkowania<\/span><\/li>\n<li><span style=\"color: #000000;\">braku rozliczenia za okres przekraczaj\u0105cy 7 dni<\/span><\/li>\n<li><span style=\"color: #000000;\">u\u017cywanie wynaj\u0119tego sprz\u0119tu niezgodnie z przeznaczeniem i zasadami sztuki.<\/span><\/li>\n<\/ul>\n<\/li>\n<\/ol>\n<\/li>\n<\/ol>\n<ol start=\"2\">\n<li><span style=\"color: #000000;\">Zerwanie umowy powoduje rygor natychmiastowego zwrotu wynaj\u0119tego urz\u0105dzenia.<\/span><\/li>\n<\/ol>\n<p>[\/vc_toggle][\/vc_column][\/vc_row]<\/p>\n","protected":false},"excerpt":{"rendered":"<p>[vc_row][vc_column][\/vc_column][\/vc_row][vc_row][vc_column][vc_toggle title=&#8221;Zgoda na przetwarzanie danych osobowych&#8221;] Wyra\u017cam zgod\u0119 na przetwarzanie moich danych osobowych zawartych w\u00a0 \u00a0 niniejszym formularzu w celu przetworzenia zg\u0142oszenia, uzyskania odpowiedzi\u00a0 oraz realizacji dzia\u0142a\u0144 wynikaj\u0105cych z przes\u0142anego przeze mnie zapytania. Informujemy, \u017ce administratorem Pa\u0144stwa danych osobowych jest Wypo\u017cyczalnia Sprz\u0119tu Budowlanego Benny&#8217;s Rental P\u0142aszowska 21, 30-713 Krak\u00f3w. Pa\u0144stwa dane osobowe b\u0119d\u0105 przetwarzane w [&hellip;]<\/p>\n","protected":false},"author":1,"featured_media":0,"parent":0,"menu_order":0,"comment_status":"closed","ping_status":"closed","template":"","meta":[],"_links":{"self":[{"href":"https:\/\/bennysrental.pl\/index.php?rest_route=\/wp\/v2\/pages\/3284"}],"collection":[{"href":"https:\/\/bennysrental.pl\/index.php?rest_route=\/wp\/v2\/pages"}],"about":[{"href":"https:\/\/bennysrental.pl\/index.php?rest_route=\/wp\/v2\/types\/page"}],"author":[{"embeddable":true,"href":"https:\/\/bennysrental.pl\/index.php?rest_route=\/wp\/v2\/users\/1"}],"replies":[{"embeddable":true,"href":"https:\/\/bennysrental.pl\/index.php?rest_route=%2Fwp%2Fv2%2Fcomments&post=3284"}],"version-history":[{"count":4,"href":"https:\/\/bennysrental.pl\/index.php?rest_route=\/wp\/v2\/pages\/3284\/revisions"}],"predecessor-version":[{"id":5612,"href":"https:\/\/bennysrental.pl\/index.php?rest_route=\/wp\/v2\/pages\/3284\/revisions\/5612"}],"wp:attachment":[{"href":"https:\/\/bennysrental.pl\/index.php?rest_route=%2Fwp%2Fv2%2Fmedia&parent=3284"}],"curies":[{"name":"wp","href":"https:\/\/api.w.org\/{rel}","templated":true}]}}