{"id":3278,"date":"2019-06-19T17:59:21","date_gmt":"2019-06-19T17:59:21","guid":{"rendered":"http:\/\/themes.webdevia.com\/backhoe-heavy-construction-equipment-rentals-machinery-wordpress-theme\/?page_id=3278"},"modified":"2020-09-16T14:49:06","modified_gmt":"2020-09-16T12:49:06","slug":"about","status":"publish","type":"page","link":"https:\/\/bennysrental.pl\/?page_id=3278","title":{"rendered":"O nas"},"content":{"rendered":"<p>[vc_row][vc_column width=&#8221;1\/12&#8243; offset=&#8221;vc_col-lg-1 vc_hidden-md vc_hidden-sm vc_hidden-xs&#8221; el_class=&#8221;mi-column&#8221;][\/vc_column][vc_column width=&#8221;5\/12&#8243; el_class=&#8221;single_image-bg&#8221;]\r\n\r\n<div class=\"wd_empty_space\" data-heightmobile=\"0\" data-heighttablet=\"30\" data-heightdesktop=\"30\">\r\n\r\n<\/div>\r\n      \r\n\r\n\r\n\r\n        \r\n      \r\n    [vc_single_image image=&#8221;5413&#8243; img_size=&#8221;620&#215;480&#8243; css=&#8221;.vc_custom_1600258914806{padding-top: 0px !important;padding-right: 0px !important;}&#8221;][\/vc_column][vc_column width=&#8221;1\/12&#8243; offset=&#8221;vc_col-lg-1 vc_hidden-md vc_hidden-sm vc_hidden-xs&#8221;][\/vc_column][vc_column width=&#8221;5\/12&#8243;]<div class='wd_empty_space' data-heightmobile='30' data-heighttablet='50' data-heightdesktop='90'><\/div>  <div class=\"wd-heading text-left  \"\r\n\t\t    style=\"; \" data-devia-animate=''>\r\n\t\t\r\n\t\t\t\r\n      <h2 style=\"\" class=\"title_b\"\r\n      data-text=\"Firma Benny\u2019s Rental powsta\u0142a w 2020r. Specjalizuje si\u0119 w wynajmie sprz\u0119tu budowlanego. Misj\u0105 firmy jest zapewnienie satysfakcji naszym klientom oraz dostarczanie sprz\u0119tu najwy\u017cszej jako\u015bci w konkurencyjnych cenach. Naszymi klientami s\u0105 zar\u00f3wno firmy jak i osoby prywatne.\">\r\n\t\t\tBenny's Rental - Wypo\u017cyczalnia sprz\u0119tu budowlanego      <\/h2>\r\n\r\n\t\t\t\t\t\t        <p style=\"\" class=\"sub_title_b\">\r\n\t\t\t\tFirma Benny\u2019s Rental powsta\u0142a w 2020r. Specjalizuje si\u0119 w wynajmie sprz\u0119tu budowlanego. Misj\u0105 firmy jest zapewnienie satysfakcji naszym klientom oraz dostarczanie sprz\u0119tu najwy\u017cszej jako\u015bci w konkurencyjnych cenach. Naszymi klientami s\u0105 zar\u00f3wno firmy jak i osoby prywatne.        <\/p>\r\n\t\t\t\t\t\t\r\n\t\t    <\/div>\r\n    <div class='wd_empty_space' data-heightmobile='20' data-heighttablet='20' data-heightdesktop='30'><\/div>[\/vc_column][\/vc_row][vc_row][vc_column]\r\n\r\n<div class=\"wd_empty_space\" data-heightmobile=\"40\" data-heighttablet=\"40\" data-heightdesktop=\"80\">\r\n\r\n<\/div>\r\n      \r\n\r\n\r\n\r\n        \r\n      \r\n    [\/vc_column][vc_column width=&#8221;1\/3&#8243;]\r\n\t<div class=\" text-icon text-icon--icon-top_position boxes  clearfix\"  >\r\n\t\t<div class=\"text-icon__container  left \">\r\n\t\t\t\t\t\t\t<div class=\"text-icon__icon-box \">\r\n\t\t\t\t\t\t\t\t\t\t\t<img src=\"\/\/placehold.it\/408x278\/eee\/222\/&text=+\" alt=\"Group 922\" data-src=\"https:\/\/bennysrental.pl\/wp-content\/uploads\/2019\/06\/Group-922-1-1.png\" data-srcset=\"\" class=\"lazy\">\r\n\t\t\t\t\t\t\t\t\t<\/div>\r\n\t\t\t\t<div class=\"text-icon__content-box\">\r\n\t\t\t\t\t<h4 class=\"text-icon__title \">\r\n\t\t\t\t\t\tProfesjonalizm\t\t\t\t\t<\/h4>\r\n\t\t\t\t\t<p class=\"text-icon__text  \">Pomo\u017cemy i doradzimy w wyborze odpowiedniego sprz\u0119tu.<\/p>\r\n\t\t\t\t<\/div>\r\n\t\t\t\t\t\t<\/div>\r\n\t<\/div>\r\n\t\r\n\r\n<div class=\"wd_empty_space\" data-heightmobile=\"0\" data-heighttablet=\"30\" data-heightdesktop=\"40\">\r\n\r\n<\/div>\r\n      \r\n\r\n\r\n\r\n        \r\n      \r\n    [\/vc_column][vc_column width=&#8221;1\/3&#8243;]\r\n\t<div class=\" text-icon text-icon--icon-top_position boxes  clearfix\"  >\r\n\t\t<div class=\"text-icon__container  left \">\r\n\t\t\t\t\t\t\t<div class=\"text-icon__icon-box \">\r\n\t\t\t\t\t\t\t\t\t\t\t<img src=\"\/\/placehold.it\/408x278\/eee\/222\/&text=+\" alt=\"Group 923\" data-src=\"https:\/\/bennysrental.pl\/wp-content\/uploads\/2019\/06\/Group-923-2.png\" data-srcset=\"\" class=\"lazy\">\r\n\t\t\t\t\t\t\t\t\t<\/div>\r\n\t\t\t\t<div class=\"text-icon__content-box\">\r\n\t\t\t\t\t<h4 class=\"text-icon__title \">\r\n\t\t\t\t\t\tNiezawodno\u015b\u0107\t\t\t\t\t<\/h4>\r\n\t\t\t\t\t<p class=\"text-icon__text  \">W swoim asortymencie mamy sprz\u0119t najwy\u017cej jako\u015bci.<\/p>\r\n\t\t\t\t<\/div>\r\n\t\t\t\t\t\t<\/div>\r\n\t<\/div>\r\n\t\r\n\r\n<div class=\"wd_empty_space\" data-heightmobile=\"0\" data-heighttablet=\"30\" data-heightdesktop=\"40\">\r\n\r\n<\/div>\r\n      \r\n\r\n\r\n\r\n        \r\n      \r\n    [\/vc_column][vc_column width=&#8221;1\/3&#8243;]\r\n\t<div class=\" text-icon text-icon--icon-top_position boxes  clearfix\"  >\r\n\t\t<div class=\"text-icon__container  left \">\r\n\t\t\t\t\t\t\t<div class=\"text-icon__icon-box \">\r\n\t\t\t\t\t\t\t\t\t\t\t<img src=\"\/\/placehold.it\/408x278\/eee\/222\/&text=+\" alt=\"Group 924\" data-src=\"https:\/\/bennysrental.pl\/wp-content\/uploads\/2019\/06\/Group-924-2.png\" data-srcset=\"\" class=\"lazy\">\r\n\t\t\t\t\t\t\t\t\t<\/div>\r\n\t\t\t\t<div class=\"text-icon__content-box\">\r\n\t\t\t\t\t<h4 class=\"text-icon__title \">\r\n\t\t\t\t\t\tBrak op\u00f3\u017anie\u0144\t\t\t\t\t<\/h4>\r\n\t\t\t\t\t<p class=\"text-icon__text  \">Gwarantujemy realizacj\u0119 us\u0142ugi w um\u00f3wionym terminie.<\/p>\r\n\t\t\t\t<\/div>\r\n\t\t\t\t\t\t<\/div>\r\n\t<\/div>\r\n\t\r\n\r\n<div class=\"wd_empty_space\" data-heightmobile=\"0\" data-heighttablet=\"30\" data-heightdesktop=\"40\">\r\n\r\n<\/div>\r\n      \r\n\r\n\r\n\r\n        \r\n      \r\n    [\/vc_column][\/vc_row][vc_row full_width=&#8221;stretch_row&#8221; content_placement=&#8221;bottom&#8221; background_position=&#8221;center&#8221; css=&#8221;.vc_custom_1569493727263{background-image: url(http:\/\/themes.webdevia.com\/backhoe-heavy-construction-equipment-rentals-machinery-wordpress-theme\/wp-content\/uploads\/2019\/07\/bg.jpg?id=4125) !important;background-position: center !important;background-repeat: no-repeat !important;background-size: cover !important;}&#8221;][vc_column width=&#8221;1\/2&#8243; css=&#8221;.vc_custom_1562415105054{background-position: center !important;background-repeat: no-repeat !important;background-size: cover !important;}&#8221;]<div class='wd_empty_space' data-heightmobile='' data-heighttablet='' data-heightdesktop=''><\/div>  <div class=\"wd-heading text-left  \"\r\n\t\t    style=\"max-width:495px;; \" data-devia-animate=''>\r\n\t\t\r\n\t\t\t\r\n      <h3 style=\"color:#ffffff;\" class=\"title_c\"\r\n      data-text=\"Nasz sprz\u0119t jest bezpieczny, stale kontrolujemy jego stan techniczny.\">\r\n\t\t\tGwarancja bezpiecze\u0144stwa      <\/h3>\r\n\r\n\t\t\t\t\t\t        <p style=\"color:#ffffff;\" class=\"sub_title_c\">\r\n\t\t\t\tNasz sprz\u0119t jest bezpieczny, stale kontrolujemy jego stan techniczny.        <\/p>\r\n\t\t\t\t\t\t\r\n\t\t    <\/div>\r\n    <div class='wd_empty_space' data-heightmobile='' data-heighttablet='' data-heightdesktop=''><\/div>\r\n\r\n<div class=\"wd_empty_space\" data-heightmobile=\"50\" data-heighttablet=\"50\" data-heightdesktop=\"106\">\r\n\r\n<\/div>\r\n      \r\n\r\n\r\n\r\n        \r\n      \r\n    [\/vc_column][vc_column width=&#8221;1\/2&#8243; css=&#8221;.vc_custom_1561378026069{padding-left: 55px !important;}&#8221; el_class=&#8221;text-icon-table&#8221;]<div class='wd_empty_space' data-heightmobile='30' data-heighttablet='30' data-heightdesktop='60'><\/div>  <div class=\"wd-heading text-left  \"\r\n\t\t    style=\"; \" data-devia-animate=''>\r\n\t\t\r\n\t\t\t\r\n      <h3 style=\"color:#000000;\" class=\"title_b\"\r\n      data-text=\"Zawsze pomagamy w wyborze odpowiedniego sprz\u0119tu i s\u0142u\u017cymy profesjonaln\u0105 pomoc\u0105 w zakresie urz\u0105dze\u0144 dost\u0119pnych w naszej ofercie. Serdecznie zapraszamy do zapoznania si\u0119 z nasz\u0105 ofert\u0105.\">\r\n\t\t\tJeste\u015bmy najlepsi w bran\u017cy      <\/h3>\r\n\r\n\t\t\t\t\t\t        <p style=\"color:#000000;\" class=\"sub_title_b\">\r\n\t\t\t\tZawsze pomagamy w wyborze odpowiedniego sprz\u0119tu i s\u0142u\u017cymy profesjonaln\u0105 pomoc\u0105 w zakresie urz\u0105dze\u0144 dost\u0119pnych w naszej ofercie. Serdecznie zapraszamy do zapoznania si\u0119 z nasz\u0105 ofert\u0105.        <\/p>\r\n\t\t\t\t\t\t\r\n\t\t    <\/div>\r\n    <div class='wd_empty_space' data-heightmobile='15' data-heighttablet='15' data-heightdesktop='15'><\/div>\r\n\t<div class=\" no-hover text-icon text-icon--icon-left_position boxes  clearfix\"  >\r\n\t\t<div class=\"text-icon__container   \">\r\n\t\t\t\t\t\t\t<div class=\"text-icon__icon-box \">\r\n\t\t\t\t\t<svg xmlns=\"http:\/\/www.w3.org\/2000\/svg\" width=\"40\" height=\"36.377\" viewBox=\"0 0 40 36.377\">\n  <g id=\"Group_906\" data-name=\"Group 906\" transform=\"translate(-1345.455 -587.008)\">\n    <path id=\"polygon257\" d=\"M8286,3167.086h20.912V3152H8286Z\" transform=\"translate(-6928.041 -2554.358)\" fill=\"#fff\"\/>\n    <path id=\"polygon259\" d=\"M8613,3503.516h5.423V3502H8613Z\" transform=\"translate(-7247.296 -2896.07)\" fill=\"#1d1d1d\"\/>\n    <path id=\"polygon261\" d=\"M8498,3376.492h10.87V3375H8498Z\" transform=\"translate(-7135.02 -2772.077)\" fill=\"#1d1d1d\"\/>\n    <path id=\"polygon263\" d=\"M8254,2768.885h1.516V2734H8254Z\" transform=\"translate(-6896.798 -2146.258)\" fill=\"#1d1d1d\"\/>\n    <path id=\"path265\" d=\"M8129.492,2737.861h14.47a8.006,8.006,0,0,0,7.981-7.981v-17.431a7.9,7.9,0,0,0-2.345-5.636,8,8,0,0,0-5.637-2.344h-14.47v33.393Zm14.47,1.516H8128V2703h15.962a9.482,9.482,0,0,1,6.7,2.771,9.385,9.385,0,0,1,2.771,6.7v17.43a9.482,9.482,0,0,1-2.771,6.7A9.344,9.344,0,0,1,8143.962,2739.376Z\" transform=\"translate(-6773.783 -2115.992)\" fill=\"#1d1d1d\"\/>\n    <path id=\"path267\" d=\"M9261.516,4041.492v.995a.683.683,0,0,0,.213.5.731.731,0,0,0,1,0,.679.679,0,0,0,.213-.5v-.995h-1.421Zm.688,3.221a2.264,2.264,0,0,1-1.563-.639,2.163,2.163,0,0,1-.64-1.563V4040h4.405v2.51a2.266,2.266,0,0,1-.64,1.563A2.163,2.163,0,0,1,9262.2,4044.713Z\" transform=\"translate(-7878.974 -3421.328)\" fill=\"#1d1d1d\"\/>\n    <path id=\"polygon269\" d=\"M9265.913,2944.352l-.781-1.705-.758,1.705-1.374-.616,2.132-4.737,2.154,4.737Z\" transform=\"translate(-7881.903 -2346.403)\" fill=\"#1d1d1d\"\/>\n    <path id=\"path271\" d=\"M9261.516,3141.765h1.4v-20.272h-1.4Zm2.155,1.516h-2.913a.748.748,0,0,1-.758-.758v-21.765a.748.748,0,0,1,.758-.758h2.913a.748.748,0,0,1,.758.758v21.765A.748.748,0,0,1,9263.671,3143.28Z\" transform=\"translate(-7878.974 -2523.116)\" fill=\"#1d1d1d\"\/>\n    <path id=\"path273\" d=\"M7759.516,2737.861h4.31v-33.369h-4.31Zm5.8,1.516H7758V2703h7.317Z\" transform=\"translate(-6412.545 -2115.992)\" fill=\"#1d1d1d\"\/>\n    <path id=\"polygon275\" d=\"M7913,2826.516h2.913V2825H7913Z\" transform=\"translate(-6563.874 -2235.103)\" fill=\"#1d1d1d\"\/>\n    <path id=\"polygon277\" d=\"M7913,2948.516h2.913V2947H7913Z\" transform=\"translate(-6563.874 -2354.214)\" fill=\"#1d1d1d\"\/>\n    <path id=\"polygon279\" d=\"M7913,3071.516h2.913V3070H7913Z\" transform=\"translate(-6563.874 -2474.301)\" fill=\"#1d1d1d\"\/>\n    <path id=\"polygon281\" d=\"M7913,3194.516h2.913V3193H7913Z\" transform=\"translate(-6563.874 -2594.388)\" fill=\"#1d1d1d\"\/>\n    <path id=\"polygon283\" d=\"M7913,3317.492h2.913V3316H7913Z\" transform=\"translate(-6563.874 -2714.475)\" fill=\"#1d1d1d\"\/>\n    <path id=\"polygon285\" d=\"M7913,3440.492h2.913V3439H7913Z\" transform=\"translate(-6563.874 -2834.562)\" fill=\"#1d1d1d\"\/>\n    <path id=\"polygon287\" d=\"M7913,3562.516h2.913V3561H7913Z\" transform=\"translate(-6563.874 -2953.672)\" fill=\"#1d1d1d\"\/>\n    <path id=\"polygon289\" d=\"M7913,3685.516h2.913V3684H7913Z\" transform=\"translate(-6563.874 -3073.759)\" fill=\"#1d1d1d\"\/>\n    <path id=\"polygon291\" d=\"M7913,3808.492h2.913V3807H7913Z\" transform=\"translate(-6563.874 -3193.846)\" fill=\"#1d1d1d\"\/>\n    <path id=\"polygon293\" d=\"M7913,3930.516h2.913V3929H7913Z\" transform=\"translate(-6563.874 -3312.957)\" fill=\"#1d1d1d\"\/>\n    <path id=\"polygon295\" d=\"M7913,4053.516h2.913V4052H7913Z\" transform=\"translate(-6563.874 -3433.044)\" fill=\"#1d1d1d\"\/>\n  <\/g>\n<\/svg>\n\t\t\t\t<\/div>\r\n\t\t\t\t<div class=\"text-icon__content-box\">\r\n\t\t\t\t\t<h4 class=\"text-icon__title \">\r\n\t\t\t\t\t\tTerminowo\u015b\u0107\t\t\t\t\t<\/h4>\r\n\t\t\t\t\t<p class=\"text-icon__text  \"><\/p>\r\n\t\t\t\t<\/div>\r\n\t\t\t\t\t\t<\/div>\r\n\t<\/div>\r\n\t\r\n\t<div class=\" no-hover text-icon text-icon--icon-left_position boxes  clearfix\"  >\r\n\t\t<div class=\"text-icon__container   \">\r\n\t\t\t\t\t\t\t<div class=\"text-icon__icon-box \">\r\n\t\t\t\t\t<svg xmlns=\"http:\/\/www.w3.org\/2000\/svg\" width=\"40\" height=\"39.984\" viewBox=\"0 0 40 39.984\">\n  <g id=\"Group_911\" data-name=\"Group 911\" transform=\"translate(-308.808 -1444.727)\">\n    <path id=\"path2731\" d=\"M12871.806,23129.438c.121,0,.241.025.387.025a5.549,5.549,0,0,0,4.008-1.666,5.693,5.693,0,0,0,1.4-5.723l-.145-.434,18.133-18.158.435.145a5.875,5.875,0,0,0,1.715.266,5.669,5.669,0,0,0,5.649-6.061l-3.55,3.551-5.287-5.289,3.549-3.549c-.12,0-.241-.025-.361-.025a5.544,5.544,0,0,0-4.009,1.668,5.692,5.692,0,0,0-1.4,5.723l.146.434-18.134,18.156-.435-.145a5.939,5.939,0,0,0-1.714-.266,5.669,5.669,0,0,0-5.65,6.061l3.55-3.572,5.287,5.287-3.549,3.549Zm.387,1.547a7.306,7.306,0,0,1-2.173-.338l-1.208-.387,4.395-4.395-3.114-3.115-4.395,4.395-.387-1.207a7.2,7.2,0,0,1,6.882-9.367,8.079,8.079,0,0,1,1.714.191l16.854-16.852a7.194,7.194,0,0,1,7-8.91,7.327,7.327,0,0,1,2.174.338l1.207.385-4.395,4.395,3.114,3.115,4.395-4.395.387,1.209a7.263,7.263,0,0,1-1.763,7.266,7.154,7.154,0,0,1-5.095,2.1h0a8.1,8.1,0,0,1-1.715-.193l-16.853,16.854a7.2,7.2,0,0,1-7,8.91Z\" transform=\"translate(-12556.164 -21646.273)\" fill=\"#1d1d1d\"\/>\n    <path id=\"path2733\" d=\"M13686.066,23915.23a1.516,1.516,0,0,1-1.062.434,1.457,1.457,0,0,1-1.038-.434l-12.966-12.967,5.264-5.264,12.965,12.967a1.5,1.5,0,0,1,.436,1.037,1.561,1.561,0,0,1-.436,1.063Z\" transform=\"translate(-13342.731 -22432.813)\" fill=\"#fff\"\/>\n    <path id=\"polygon2735\" d=\"M13629,23859.162l2.053,2.053,3.162-3.164-2.052-2.051Z\" transform=\"translate(-13301.745 -22392.803)\" fill=\"#fff\"\/>\n    <path id=\"path2737\" d=\"M13628.173,23857.375l12.435,12.434a.746.746,0,0,0,1.015,0l3.163-3.162a.7.7,0,0,0,.217-.508.692.692,0,0,0-.217-.506l-12.436-12.436Zm12.942,14.172h0a2.227,2.227,0,0,1-1.594-.676L13626,23857.35l6.35-6.35,13.521,13.521a2.206,2.206,0,0,1,.652,1.594,2.313,2.313,0,0,1-.652,1.594l-3.163,3.162a2.2,2.2,0,0,1-1.593.652Z\" transform=\"translate(-13298.817 -22387.922)\" fill=\"#1d1d1d\"\/>\n    <path id=\"path2739\" d=\"M13586.174,23815.25l.965.965,2.077-2.076-.966-.965Zm.965,3.139-3.139-3.139,4.25-4.25,3.139,3.139Z\" transform=\"translate(-13257.831 -22348.889)\" fill=\"#1d1d1d\"\/>\n    <path id=\"path2741\" d=\"M12914.863,23142.143l1.353.1-.1-1.354-3.115-1.834,1.835,3.115Zm3.019,1.74-3.936-.266-2.946-5,1.618-1.617,4.974,2.945.266,3.912Z\" transform=\"translate(-12601.081 -21691.162)\" fill=\"#1d1d1d\"\/>\n    <path id=\"polygon2743\" d=\"M13151.869,23378.98l-12.869-12.895,1.087-1.086,12.869,12.895Z\" transform=\"translate(-12823.576 -21913.658)\" fill=\"#1d1d1d\"\/>\n    <path id=\"polygon2745\" d=\"M14280.086,23245.174l-1.086-1.088,1.086-1.086,1.087,1.086Z\" transform=\"translate(-13936.051 -21794.604)\" fill=\"#1d1d1d\"\/>\n    <path id=\"polygon2747\" d=\"M13017.087,24507.172l-1.087-1.086,1.087-1.086,1.087,1.086Z\" transform=\"translate(-12703.546 -23026.133)\" fill=\"#1d1d1d\"\/>\n  <\/g>\n<\/svg>\n\t\t\t\t<\/div>\r\n\t\t\t\t<div class=\"text-icon__content-box\">\r\n\t\t\t\t\t<h4 class=\"text-icon__title \">\r\n\t\t\t\t\t\tProfesjonalizm\t\t\t\t\t<\/h4>\r\n\t\t\t\t\t<p class=\"text-icon__text  \"><\/p>\r\n\t\t\t\t<\/div>\r\n\t\t\t\t\t\t<\/div>\r\n\t<\/div>\r\n\t\r\n\t<div class=\" no-hover text-icon text-icon--icon-left_position boxes  clearfix\"  >\r\n\t\t<div class=\"text-icon__container   \">\r\n\t\t\t\t\t\t\t<div class=\"text-icon__icon-box \">\r\n\t\t\t\t\t<svg xmlns=\"http:\/\/www.w3.org\/2000\/svg\" width=\"40\" height=\"39.096\" viewBox=\"0 0 40 39.096\">\n  <g id=\"Group_912\" data-name=\"Group 912\" transform=\"translate(-344.926 -1534.313)\">\n    <path id=\"path2777\" d=\"M18172.246,23438v21.971h-8.061a14.273,14.273,0,0,0,1.055-5.4v-8.236l-9.617-4.469-9.617,4.469v8.236a14.363,14.363,0,0,0,1.055,5.4H18139V23438h33.246Z\" transform=\"translate(-17790.684 -21895.527)\" fill=\"#fff\"\/>\n    <path id=\"path2779\" d=\"M18005.607,23117.795h36.785v-3.189h-36.785Zm38.393,1.607h-40v-6.4h40Z\" transform=\"translate(-17659.074 -21578.688)\" fill=\"#1d1d1d\"\/>\n    <path id=\"polygon2781\" d=\"M18157,23209.607h1.607V23208H18157Z\" transform=\"translate(-17808.232 -21671.303)\" fill=\"#1d1d1d\"\/>\n    <path id=\"polygon2783\" d=\"M18285,23209.607h1.582V23208H18285Z\" transform=\"translate(-17933.018 -21671.303)\" fill=\"#1d1d1d\"\/>\n    <path id=\"polygon2785\" d=\"M18412,23209.607h1.607V23208H18412Z\" transform=\"translate(-18056.83 -21671.303)\" fill=\"#1d1d1d\"\/>\n    <path id=\"polygon2787\" d=\"M18044,23332.676h-12.781v-1.607h11.174v-25.461h-36.785v25.461h11.174v1.607H18004V23304h40Z\" transform=\"translate(-17659.074 -21764.891)\" fill=\"#1d1d1d\"\/>\n    <path id=\"path2789\" d=\"M18601.547,23900.273a5.273,5.273,0,1,1-5.273-5.273A5.274,5.274,0,0,1,18601.547,23900.273Z\" transform=\"translate(-18231.334 -22341.051)\" fill=\"#fdb900\"\/>\n    <path id=\"polygon2791\" d=\"M18678.586,24024.8l-2.586-2.586,1.129-1.131,1.457,1.457,2.535-2.537,1.131,1.131Z\" transform=\"translate(-18314.201 -22462.912)\" fill=\"#fff\"\/>\n    <path id=\"path2793\" d=\"M18386.607,23562.852v7.732a9.4,9.4,0,1,0,17.627,0v-7.732l-8.814-4.094Zm8.813,22.1-.25-.1a15.12,15.12,0,0,1-10.17-14.264v-8.738l10.42-4.846,10.422,4.846v8.738a15.1,15.1,0,0,1-10.17,14.264Z\" transform=\"translate(-18030.508 -22011.539)\" fill=\"#1d1d1d\"\/>\n    <path id=\"polygon2795\" d=\"M18769,23594.842h1.582V23591H18769Z\" transform=\"translate(-18404.865 -22044.686)\" fill=\"#1d1d1d\"\/>\n    <path id=\"polygon2797\" d=\"M18769,24486.844h1.582V24483H18769Z\" transform=\"translate(-18404.865 -22914.287)\" fill=\"#1d1d1d\"\/>\n  <\/g>\n<\/svg>\n\t\t\t\t<\/div>\r\n\t\t\t\t<div class=\"text-icon__content-box\">\r\n\t\t\t\t\t<h4 class=\"text-icon__title \">\r\n\t\t\t\t\t\tDost\u0119pno\u015b\u0107\t\t\t\t\t<\/h4>\r\n\t\t\t\t\t<p class=\"text-icon__text  \"><\/p>\r\n\t\t\t\t<\/div>\r\n\t\t\t\t\t\t<\/div>\r\n\t<\/div>\r\n\t\r\n\t<div class=\" no-hover text-icon text-icon--icon-left_position boxes  clearfix\"  >\r\n\t\t<div class=\"text-icon__container   \">\r\n\t\t\t\t\t\t\t<div class=\"text-icon__icon-box \">\r\n\t\t\t\t\t<svg xmlns=\"http:\/\/www.w3.org\/2000\/svg\" width=\"40\" height=\"40\" viewBox=\"0 0 40 40\">\n  <g id=\"Group_913\" data-name=\"Group 913\" transform=\"translate(-411.982 -1340.953)\">\n    <path id=\"path2363\" d=\"M13287.969,13270.025a10.714,10.714,0,0,0-7.332,17.727l7.356-7.356V13270Z\" transform=\"translate(-12856.752 -11919.807)\" fill=\"#fff\"\/>\n    <path id=\"path2365\" d=\"M13431.357,13727l-7.357,7.357a10.713,10.713,0,0,0,17.728-7.357h-10.37Z\" transform=\"translate(-12999.086 -12365.331)\"\/>\n    <path id=\"path2367\" d=\"M13736.607,13272.883a9.22,9.22,0,0,1,6.478,6.479h-6.478ZM13735,13271v9.943h9.943A10.714,10.714,0,0,0,13735,13271Z\" transform=\"translate(-13302.277 -11920.781)\" fill=\"#1d1d1d\"\/>\n    <path id=\"path2369\" d=\"M12928.184,12940.394h1.607l.828-4.093.553-.075a13.527,13.527,0,0,0,3.063-.829l.527-.2,2.763,3.139,1.381-.8-1.331-3.942.428-.352a15.926,15.926,0,0,0,2.26-2.235l.352-.427,3.941,1.331.8-1.381-3.113-2.762.2-.527a13.5,13.5,0,0,0,.829-3.063l.075-.553,4.068-.8v-1.607l-4.068-.828-.075-.553a13.476,13.476,0,0,0-.829-3.062l-.2-.527,3.113-2.763-.8-1.381-3.941,1.331-.352-.428a14.676,14.676,0,0,0-2.26-2.234l-.453-.352,1.332-3.942-1.382-.8-2.762,3.139-.527-.2a16.243,16.243,0,0,0-3.063-.829l-.553-.075-.828-4.093h-1.607l-.828,4.093-.553.075a13.6,13.6,0,0,0-3.063.829l-.527.2-2.762-3.139-1.382.8,1.331,3.968-.427.352a13.435,13.435,0,0,0-2.234,2.234l-.352.428-3.942-1.331-.8,1.381,3.113,2.762-.2.527a15.994,15.994,0,0,0-.829,3.038l-.075.553-4.093.828v1.607l4.093.829.075.552a13.535,13.535,0,0,0,.829,3.063l.2.527-3.113,2.763.8,1.381,3.942-1.331.352.452a13.435,13.435,0,0,0,2.234,2.234l.427.352-1.331,3.968,1.382.8,2.762-3.139.527.2a14.958,14.958,0,0,0,3.063.829l.553.075.828,4.093Zm2.912,1.606h-4.218l-.854-4.293a15.056,15.056,0,0,1-2.31-.628l-2.888,3.289-3.641-2.109,1.406-4.143a15.67,15.67,0,0,1-1.708-1.708l-4.143,1.406-2.109-3.641,3.265-2.888a14.836,14.836,0,0,1-.628-2.31l-4.269-.854v-4.218l4.293-.854a14.915,14.915,0,0,1,.628-2.31l-3.265-2.888,2.109-3.642,4.144,1.382a18.191,18.191,0,0,1,1.708-1.708l-1.406-4.143,3.641-2.109,2.888,3.289a15.026,15.026,0,0,1,2.31-.628l.854-4.294h4.219l.854,4.294a15.007,15.007,0,0,1,2.311.628l2.888-3.289,3.641,2.109-1.406,4.143a18.309,18.309,0,0,1,1.708,1.708l4.143-1.382,2.109,3.642-3.264,2.888a15.022,15.022,0,0,1,.627,2.31l4.27.854v4.218l-4.27.854a15.052,15.052,0,0,1-.627,2.31l3.264,2.888-2.109,3.641-4.143-1.406a18.309,18.309,0,0,1-1.708,1.708l1.406,4.143-3.641,2.109-2.888-3.289a15.007,15.007,0,0,1-2.311.628l-.854,4.293Z\" transform=\"translate(-12497.018 -11561.047)\" fill=\"#1d1d1d\"\/>\n  <\/g>\n<\/svg>\n\t\t\t\t<\/div>\r\n\t\t\t\t<div class=\"text-icon__content-box\">\r\n\t\t\t\t\t<h4 class=\"text-icon__title \">\r\n\t\t\t\t\t\tNiezawodno\u015b\u0107\t\t\t\t\t<\/h4>\r\n\t\t\t\t\t<p class=\"text-icon__text  \"><\/p>\r\n\t\t\t\t<\/div>\r\n\t\t\t\t\t\t<\/div>\r\n\t<\/div>\r\n\t\r\n\r\n<div class=\"wd_empty_space\" data-heightmobile=\"40\" data-heighttablet=\"40\" data-heightdesktop=\"40\">\r\n\r\n<\/div>\r\n      \r\n\r\n\r\n\r\n        \r\n      \r\n    [\/vc_column][\/vc_row]<\/p>\n","protected":false},"excerpt":{"rendered":"<p>[vc_row][vc_column width=&#8221;1\/12&#8243; offset=&#8221;vc_col-lg-1 vc_hidden-md vc_hidden-sm vc_hidden-xs&#8221; el_class=&#8221;mi-column&#8221;][\/vc_column][vc_column width=&#8221;5\/12&#8243; el_class=&#8221;single_image-bg&#8221;][vc_single_image image=&#8221;5413&#8243; img_size=&#8221;620&#215;480&#8243; css=&#8221;.vc_custom_1600258914806{padding-top: 0px !important;padding-right: 0px !important;}&#8221;][\/vc_column][vc_column width=&#8221;1\/12&#8243; offset=&#8221;vc_col-lg-1 vc_hidden-md vc_hidden-sm vc_hidden-xs&#8221;][\/vc_column][vc_column width=&#8221;5\/12&#8243;][\/vc_column][\/vc_row][vc_row][vc_column][\/vc_column][vc_column width=&#8221;1\/3&#8243;][\/vc_column][vc_column width=&#8221;1\/3&#8243;][\/vc_column][vc_column width=&#8221;1\/3&#8243;][\/vc_column][\/vc_row][vc_row full_width=&#8221;stretch_row&#8221; content_placement=&#8221;bottom&#8221; background_position=&#8221;center&#8221; css=&#8221;.vc_custom_1569493727263{background-image: url(http:\/\/themes.webdevia.com\/backhoe-heavy-construction-equipment-rentals-machinery-wordpress-theme\/wp-content\/uploads\/2019\/07\/bg.jpg?id=4125) !important;background-position: center !important;background-repeat: no-repeat !important;background-size: cover !important;}&#8221;][vc_column width=&#8221;1\/2&#8243; css=&#8221;.vc_custom_1562415105054{background-position: center !important;background-repeat: no-repeat !important;background-size: cover !important;}&#8221;][\/vc_column][vc_column width=&#8221;1\/2&#8243; css=&#8221;.vc_custom_1561378026069{padding-left: 55px !important;}&#8221; el_class=&#8221;text-icon-table&#8221;][\/vc_column][\/vc_row]<\/p>\n","protected":false},"author":1,"featured_media":0,"parent":0,"menu_order":0,"comment_status":"closed","ping_status":"closed","template":"","meta":[],"_links":{"self":[{"href":"https:\/\/bennysrental.pl\/index.php?rest_route=\/wp\/v2\/pages\/3278"}],"collection":[{"href":"https:\/\/bennysrental.pl\/index.php?rest_route=\/wp\/v2\/pages"}],"about":[{"href":"https:\/\/bennysrental.pl\/index.php?rest_route=\/wp\/v2\/types\/page"}],"author":[{"embeddable":true,"href":"https:\/\/bennysrental.pl\/index.php?rest_route=\/wp\/v2\/users\/1"}],"replies":[{"embeddable":true,"href":"https:\/\/bennysrental.pl\/index.php?rest_route=%2Fwp%2Fv2%2Fcomments&post=3278"}],"version-history":[{"count":6,"href":"https:\/\/bennysrental.pl\/index.php?rest_route=\/wp\/v2\/pages\/3278\/revisions"}],"predecessor-version":[{"id":5473,"href":"https:\/\/bennysrental.pl\/index.php?rest_route=\/wp\/v2\/pages\/3278\/revisions\/5473"}],"wp:attachment":[{"href":"https:\/\/bennysrental.pl\/index.php?rest_route=%2Fwp%2Fv2%2Fmedia&parent=3278"}],"curies":[{"name":"wp","href":"https:\/\/api.w.org\/{rel}","templated":true}]}}